{"id":13,"date":"2014-01-02T23:20:01","date_gmt":"2014-01-02T23:20:01","guid":{"rendered":"http:\/\/www.tiempoeta.me\/wordpress\/?page_id=13"},"modified":"2014-01-02T23:20:01","modified_gmt":"2014-01-02T23:20:01","slug":"quien-soy-yo","status":"publish","type":"page","link":"https:\/\/tiempoeta.me\/?page_id=13","title":{"rendered":"Qui\u00e9n Soy Yo?"},"content":{"rendered":"<p>M\u00e9dico jubilado hace mucho tiempo, cuyos intereses mayores actuales<br \/>\nlo constituye el inter\u00e9s en las bellas artes en relaci\u00f3n con la<br \/>\nmedicina, es decir, la m\u00fasica, poes\u00eda y literatura y su relaci\u00f3n con la<br \/>\nmedicina.<\/p>\n<p>Si Usted amable lector est\u00e1 interesado, contin\u00fae<br \/>\nperi\u00f3dicamente leyendo esta p\u00e1gina.<\/p>\n<p>Much\u00edsimas gracias anticipadas.<\/p>\n<p>Moises Lejter Kizner<\/p>\n<p><a title=\"Elogio de M\u00ed Mismo\" href=\"http:\/\/www.tiempoeta.me\/wordpress\/?p=51\">Elogio de M\u00ed Mismo<\/a><\/p>\n","protected":false},"excerpt":{"rendered":"<p>M\u00e9dico jubilado hace mucho tiempo, cuyos intereses mayores actuales lo constituye el inter\u00e9s en las bellas artes en relaci\u00f3n con la medicina, es decir, la m\u00fasica, poes\u00eda y literatura y su relaci\u00f3n con la medicina. Si Usted amable lector est\u00e1 interesado, contin\u00fae peri\u00f3dicamente leyendo esta p\u00e1gina. Much\u00edsimas gracias anticipadas. Moises Lejter Kizner Elogio de M\u00ed [&hellip;]<\/p>\n","protected":false},"author":2,"featured_media":0,"parent":0,"menu_order":0,"comment_status":"open","ping_status":"open","template":"","meta":{"footnotes":""},"class_list":["post-13","page","type-page","status-publish","hentry"],"_links":{"self":[{"href":"https:\/\/tiempoeta.me\/index.php?rest_route=\/wp\/v2\/pages\/13","targetHints":{"allow":["GET"]}}],"collection":[{"href":"https:\/\/tiempoeta.me\/index.php?rest_route=\/wp\/v2\/pages"}],"about":[{"href":"https:\/\/tiempoeta.me\/index.php?rest_route=\/wp\/v2\/types\/page"}],"author":[{"embeddable":true,"href":"https:\/\/tiempoeta.me\/index.php?rest_route=\/wp\/v2\/users\/2"}],"replies":[{"embeddable":true,"href":"https:\/\/tiempoeta.me\/index.php?rest_route=%2Fwp%2Fv2%2Fcomments&post=13"}],"version-history":[{"count":0,"href":"https:\/\/tiempoeta.me\/index.php?rest_route=\/wp\/v2\/pages\/13\/revisions"}],"wp:attachment":[{"href":"https:\/\/tiempoeta.me\/index.php?rest_route=%2Fwp%2Fv2%2Fmedia&parent=13"}],"curies":[{"name":"wp","href":"https:\/\/api.w.org\/{rel}","templated":true}]}}